{"id":9515,"date":"2021-05-20T00:26:09","date_gmt":"2021-05-20T00:26:09","guid":{"rendered":"http:\/\/villaorganika.pe\/?page_id=9515"},"modified":"2023-04-16T03:19:11","modified_gmt":"2023-04-16T03:19:11","slug":"porque-en-oxapampa","status":"publish","type":"page","link":"https:\/\/villaorganika.pe\/en\/porque-en-oxapampa\/","title":{"rendered":"Why Oxapampa?"},"content":{"rendered":"<div data-elementor-type=\"wp-page\" data-elementor-id=\"9515\" class=\"elementor elementor-9515\" data-elementor-post-type=\"page\">\n\t\t\t\t\t\t<section class=\"elementor-section elementor-top-section elementor-element elementor-element-2599bcdc elementor-section-boxed elementor-section-height-default elementor-section-height-default\" data-id=\"2599bcdc\" data-element_type=\"section\" data-e-type=\"section\">\n\t\t\t\t\t\t<div class=\"elementor-container elementor-column-gap-default\">\n\t\t\t\t\t<div class=\"elementor-column elementor-col-100 elementor-top-column elementor-element elementor-element-1dd6254e\" data-id=\"1dd6254e\" data-element_type=\"column\" data-e-type=\"column\">\n\t\t\t<div class=\"elementor-widget-wrap elementor-element-populated\">\n\t\t\t\t\t\t<div class=\"elementor-element elementor-element-74a27f16 elementor-widget elementor-widget-text-editor\" data-id=\"74a27f16\" data-element_type=\"widget\" data-e-type=\"widget\" data-widget_type=\"text-editor.default\">\n\t\t\t\t<div class=\"elementor-widget-container\">\n\t\t\t\t\t\t\t\t\t<h1 class=\"text-align-center\">How to get there?<\/h1>\n<p class=\"text-align-center\">Oxapampa is located in the central jungle of Peru, 398 km from Lima, at an altitude of 1814 meters above sea level.<\/p>\n<p class=\"text-align-center\"><strong>Land Access<\/strong><\/p>\n<p class=\"text-align-center\">Para llegar desde Lima se debe viajar por la Carretera Central hasta la ciudad de La Merced en la provincia de Chanchamayo, en el departamento de Jun\u00edn,&nbsp;&nbsp;y &nbsp;luego se toma luego la ruta hacia Oxapampa. La v\u00eda est\u00e1&nbsp;&nbsp;perfectamente asfaltada. El tiempo de viaje en auto es aproximadamente de 8 horas y media.<\/p>\n<p class=\"text-align-center\"><br><\/p>\n<p class=\"text-align-center\"><strong>Air access<\/strong><\/p>\n<p class=\"text-align-center\">Existen &nbsp;vuelos directos de 1 hora en avioneta desde Lima con la empresa AEROLINK, tambi\u00e9n es posible volar a Jauja con la empresa&nbsp;LATAM, y luego seguir hasta Oxapampa por tierra en un viaje de 4 horas<\/p>\n<p class=\"text-align-center\"><br><\/p>\n<h1><\/h1>\n<h1>The ideal climate<\/h1>\n<p class=\"\">Oxapampa presenta un clima c\u00e1lido y templado todo el a\u00f1o, regularmente dentro de los 13\u00baC y 24 \u00b0C, lo que permite visitarla en cualquier momento. Si bien hay precipitaciones durante todo el a\u00f1o, junio es el mes m\u00e1s seco y las lluvias son mas intensas entre diciembre &nbsp;y marzo.<\/p>\n<p>&nbsp;<\/p>\n<h1>Oxapampa y VillaOrganika<\/h1>\n<div class=\"tbk__text\">\n<p>Escogimos Oxapampa para desarrollar el proyecto Villa Org\u00e1nika debido a que es un lugar encantador para vivir y\/o pasar una temporada, que abruma por su biodiversidad y su riqueza natural y cultural, donde se puede disfrutar de un ambiente c\u00e1lido todo el a\u00f1o, cielo celeste y nubes limbo, r\u00edos, lagos, cataratas, manantiales y quebradas con agua limpia y&nbsp; cristalina,&nbsp; tierra f\u00e9rtil, hermosos paisajes, rodeado de majestuosas monta\u00f1as verdes y deleitantes arco iris.<\/p>\n<p>Today, it is the result of the fusion of three ethnic groups: Yanesha inhabitants of the area, European colonizers and later Andean immigration.<\/p>\n<\/div>\n<p><img fetchpriority=\"high\" decoding=\"async\" class=\"size-full wp-image-9516 aligncenter\" src=\"http:\/\/villaorganika.pe\/wp-content\/uploads\/2021\/05\/optimized_oxapampa_1.jpg\" alt=\"\" width=\"1600\" height=\"1200\" srcset=\"https:\/\/villaorganika.pe\/wp-content\/uploads\/2021\/05\/optimized_oxapampa_1.jpg 1600w, https:\/\/villaorganika.pe\/wp-content\/uploads\/2021\/05\/optimized_oxapampa_1-300x225.jpg 300w, https:\/\/villaorganika.pe\/wp-content\/uploads\/2021\/05\/optimized_oxapampa_1-1024x768.jpg 1024w, https:\/\/villaorganika.pe\/wp-content\/uploads\/2021\/05\/optimized_oxapampa_1-768x576.jpg 768w, https:\/\/villaorganika.pe\/wp-content\/uploads\/2021\/05\/optimized_oxapampa_1-1536x1152.jpg 1536w, https:\/\/villaorganika.pe\/wp-content\/uploads\/2021\/05\/optimized_oxapampa_1-16x12.jpg 16w, https:\/\/villaorganika.pe\/wp-content\/uploads\/2021\/05\/optimized_oxapampa_1-380x285.jpg 380w\" sizes=\"(max-width: 1600px) 100vw, 1600px\" \/><\/p>\n<div class=\"tbk__text\">\n<div id=\"block-yui_3_17_2_10_1466693397726_13194\" class=\"sqs-block html-block sqs-block-html\" data-block-type=\"2\">\n<div class=\"sqs-block-content\">\n<h1><\/h1>\n<h1 class=\"text-align-center\">Natural Fun<\/h1>\n<\/div>\n<\/div>\n<div class=\"row sqs-row\">\n<div class=\"col sqs-col-2 span-2\">\n<div id=\"block-yui_3_17_2_10_1466693397726_14396\" class=\"sqs-block spacer-block sqs-block-spacer sized vsize-1\" data-block-type=\"21\">\n<div class=\"sqs-block-content\">Oxapampa offers an attractive combination of cultural activities and in contact with nature for the whole family. Throughout the year there are different festivities and agricultural, gastronomic and religious fairs that highlight the influence of the European colony on the local culture.<\/div>\n<\/div>\n<\/div>\n<div class=\"col sqs-col-10 span-10\">\n<div class=\"row sqs-row\">\n<div class=\"col sqs-col-8 span-8\">\n<div id=\"block-yui_3_17_2_10_1466693397726_14491\" class=\"sqs-block html-block sqs-block-html\" data-block-type=\"2\">\n<div class=\"sqs-block-content\">\n<p class=\"text-align-center\">It has several museums and points of architectural interest, such as the main square, the Church of the Sacred Heart of Jesus, the Emperor William I suspension bridge or the Stadler House, which in addition to replicating the typical characteristics of the European architecture of the settlers, allows you to follow their lifestyle: from milking cows to enjoying a bath in the river.<\/p>\n<p class=\"text-align-center\">In addition to the impressive landscape, you can also enjoy a visit to the Humboldt Botanical Garden, the Forest Nursery and the Yanachaga-Chemill\u00e9n National Park to discover its fauna and flora.<\/p>\n<p>&nbsp;<\/p>\n<\/div>\n<\/div>\n<\/div>\n<\/div>\n<\/div>\n<\/div>\n<h1>tradition<\/h1>\n<p>The houses of Oxapampa have been built, for the most part, of wood in the European style, and despite the fact that several generations have passed since its foundation, a large part of the traditions are still practiced: Tyrolean and yaneshas dances, ribbon tournaments and rodeos exhibited in some ranches, elaboration of <em>wharapo<\/em>&nbsp;and liquor distillation, artisan exhibitions and gastronomy. However, the most important festivity is the Anniversary of the Oxapampa Foundation, which is celebrated every August 30 commemorating the arrival of the settlers and the day of the town's patron saint: Santa Rosa de Lima.<\/p>\n<p><img decoding=\"async\" class=\"alignnone size-full wp-image-9566\" src=\"http:\/\/villaorganika.pe\/wp-content\/uploads\/2021\/05\/maravillas-de-Oxapampa-1500x650-1.jpg\" alt=\"\" width=\"1000\" height=\"433\" srcset=\"https:\/\/villaorganika.pe\/wp-content\/uploads\/2021\/05\/maravillas-de-Oxapampa-1500x650-1.jpg 1000w, https:\/\/villaorganika.pe\/wp-content\/uploads\/2021\/05\/maravillas-de-Oxapampa-1500x650-1-300x130.jpg 300w, https:\/\/villaorganika.pe\/wp-content\/uploads\/2021\/05\/maravillas-de-Oxapampa-1500x650-1-768x333.jpg 768w, https:\/\/villaorganika.pe\/wp-content\/uploads\/2021\/05\/maravillas-de-Oxapampa-1500x650-1-16x7.jpg 16w, https:\/\/villaorganika.pe\/wp-content\/uploads\/2021\/05\/maravillas-de-Oxapampa-1500x650-1-380x165.jpg 380w\" sizes=\"(max-width: 1000px) 100vw, 1000px\" \/><\/p>\n<h1><\/h1>\n<h1>A Unique Place<\/h1>\n<p>Oxapampa has been recognized since 2010 by UNESCO as the Oxapampa-Ashaninka - Yanesha Biosphere Reserve, which includes the natural and cultural conservation of the towns.<\/p>\n<p>Oxapampa comes from the Quechua ocsha which means \"straw\" and pampa, which means \"plain\". It is located in the central part of Peru, on the right bank of the Huancabamba River, at an altitude of 1,814 meters above sea level and is made up of 7 districts: Oxapampa, Villa Rica, Chontabamba, Huancabamba, Pozuzo, Puerto Berm\u00fadez and Palcaz\u00fa.<\/p>\n<p>Its foundation dates back to August 30, 1891, when a group of Germans and Tyrolese arrived from Pozuzo guided by the colonist Enrique Bottger Treu.<\/p>\n<p><img decoding=\"async\" class=\"size-full wp-image-9526 aligncenter\" src=\"http:\/\/villaorganika.pe\/wp-content\/uploads\/2021\/05\/ecoaldea-1.jpg\" alt=\"\" width=\"746\" height=\"419\" srcset=\"https:\/\/villaorganika.pe\/wp-content\/uploads\/2021\/05\/ecoaldea-1.jpg 746w, https:\/\/villaorganika.pe\/wp-content\/uploads\/2021\/05\/ecoaldea-1-300x168.jpg 300w, https:\/\/villaorganika.pe\/wp-content\/uploads\/2021\/05\/ecoaldea-1-16x9.jpg 16w, https:\/\/villaorganika.pe\/wp-content\/uploads\/2021\/05\/ecoaldea-1-380x213.jpg 380w\" sizes=\"(max-width: 746px) 100vw, 746px\" \/><\/p>\n<\/div>\t\t\t\t\t\t\t\t<\/div>\n\t\t\t\t<\/div>\n\t\t\t\t\t<\/div>\n\t\t<\/div>\n\t\t\t\t\t<\/div>\n\t\t<\/section>\n\t\t\t\t<\/div>","protected":false},"excerpt":{"rendered":"<p>\u00bfC\u00f3mo llegar? Oxapampa se encuentra en la Selva Central del Per\u00fa a 398 Km de Lima, a una altura de 1,814 msnm. Acceso Terrestre Para llegar desde Lima se debe viajar por la Carretera Central hasta la ciudad de La Merced en la provincia de Chanchamayo, en el departamento de Jun\u00edn,&nbsp;&nbsp;y &nbsp;luego se toma luego [&hellip;]<\/p>\n","protected":false},"author":7,"featured_media":0,"parent":0,"menu_order":0,"comment_status":"closed","ping_status":"closed","template":"","meta":{"footnotes":""},"class_list":["post-9515","page","type-page","status-publish","hentry"],"_links":{"self":[{"href":"https:\/\/villaorganika.pe\/en\/wp-json\/wp\/v2\/pages\/9515","targetHints":{"allow":["GET"]}}],"collection":[{"href":"https:\/\/villaorganika.pe\/en\/wp-json\/wp\/v2\/pages"}],"about":[{"href":"https:\/\/villaorganika.pe\/en\/wp-json\/wp\/v2\/types\/page"}],"author":[{"embeddable":true,"href":"https:\/\/villaorganika.pe\/en\/wp-json\/wp\/v2\/users\/7"}],"replies":[{"embeddable":true,"href":"https:\/\/villaorganika.pe\/en\/wp-json\/wp\/v2\/comments?post=9515"}],"version-history":[{"count":14,"href":"https:\/\/villaorganika.pe\/en\/wp-json\/wp\/v2\/pages\/9515\/revisions"}],"predecessor-version":[{"id":9819,"href":"https:\/\/villaorganika.pe\/en\/wp-json\/wp\/v2\/pages\/9515\/revisions\/9819"}],"wp:attachment":[{"href":"https:\/\/villaorganika.pe\/en\/wp-json\/wp\/v2\/media?parent=9515"}],"curies":[{"name":"wp","href":"https:\/\/api.w.org\/{rel}","templated":true}]}}