{"id":9380,"date":"2020-11-04T01:18:01","date_gmt":"2020-11-04T01:18:01","guid":{"rendered":"http:\/\/villaorganika.pe\/?page_id=9380"},"modified":"2021-05-21T17:46:45","modified_gmt":"2021-05-21T17:46:45","slug":"elementor-9380","status":"publish","type":"page","link":"https:\/\/villaorganika.pe\/en\/elementor-9380\/","title":{"rendered":"Ebook"},"content":{"rendered":"<p><img fetchpriority=\"high\" decoding=\"async\" class=\"alignnone size-full wp-image-9537\" src=\"http:\/\/villaorganika.pe\/wp-content\/uploads\/2021\/05\/familia-mirando-al-horizonte-todos.jpg\" alt=\"\" width=\"800\" height=\"529\" srcset=\"https:\/\/villaorganika.pe\/wp-content\/uploads\/2021\/05\/familia-mirando-al-horizonte-todos.jpg 800w, https:\/\/villaorganika.pe\/wp-content\/uploads\/2021\/05\/familia-mirando-al-horizonte-todos-300x198.jpg 300w, https:\/\/villaorganika.pe\/wp-content\/uploads\/2021\/05\/familia-mirando-al-horizonte-todos-768x508.jpg 768w, https:\/\/villaorganika.pe\/wp-content\/uploads\/2021\/05\/familia-mirando-al-horizonte-todos-16x12.jpg 16w, https:\/\/villaorganika.pe\/wp-content\/uploads\/2021\/05\/familia-mirando-al-horizonte-todos-380x251.jpg 380w\" sizes=\"(max-width: 800px) 100vw, 800px\" \/><\/p>\n<h2>STILL UNSURE IF LIVING IN THE COUNTRYSIDE IS FOR YOU?<\/h2>\n<p><a role=\"button\" href=\"https:\/\/villaorganika.pe\/en\/proyectos\/\"><br \/>\nGet to know the project<br \/>\n<\/a><\/p>\n<h3>This Ebook will give you the knowledge you need to decide where your next home will be<\/h3>\n<p>Find out everything you need to know before moving to the country<\/p>\n<p>Locations, weather, costs and more!<\/p>\n<p>Leave your details and get the Ebook completely<strong> FREE <\/strong>to your email <strong>IMMEDIATELY<\/strong><\/p>\n<h3>DON'T LOSE THIS OPPORTUNITY<\/h3>\n<h3>Download the<br \/>\n<b>GUIDE TO MOVING TO THE COUNTRYSIDE<\/b><\/h3>\n<p><img decoding=\"async\" src=\"http:\/\/villaorganika.pe\/wp-content\/uploads\/2020\/11\/BANNER.png\" sizes=\"(max-width: 640px) 100vw, 640px\" srcset=\"https:\/\/villaorganika.pe\/wp-content\/uploads\/2020\/11\/BANNER.png 843w, https:\/\/villaorganika.pe\/wp-content\/uploads\/2020\/11\/BANNER-288x300.png 288w, https:\/\/villaorganika.pe\/wp-content\/uploads\/2020\/11\/BANNER-768x801.png 768w, https:\/\/villaorganika.pe\/wp-content\/uploads\/2020\/11\/BANNER-12x12.png 12w, https:\/\/villaorganika.pe\/wp-content\/uploads\/2020\/11\/BANNER-345x360.png 345w\" alt=\"\" width=\"640\" height=\"667\" \/><br \/>\n\n<div class=\"wpcf7 no-js\" id=\"wpcf7-f8920-o1\" lang=\"es-ES\" dir=\"ltr\" data-wpcf7-id=\"8920\">\n<div class=\"screen-reader-response\"><p role=\"status\" aria-live=\"polite\" aria-atomic=\"true\"><\/p> <ul><\/ul><\/div>\n<form action=\"\/en\/wp-json\/wp\/v2\/pages\/9380#wpcf7-f8920-o1\" method=\"post\" class=\"wpcf7-form init\" aria-label=\"Formulario de contacto\" novalidate=\"novalidate\" data-status=\"init\" data-trp-original-action=\"\/en\/wp-json\/wp\/v2\/pages\/9380#wpcf7-f8920-o1\">\n<fieldset class=\"hidden-fields-container\"><input type=\"hidden\" name=\"_wpcf7\" value=\"8920\" \/><input type=\"hidden\" name=\"_wpcf7_version\" value=\"6.1.5\" \/><input type=\"hidden\" name=\"_wpcf7_locale\" value=\"es_ES\" \/><input type=\"hidden\" name=\"_wpcf7_unit_tag\" value=\"wpcf7-f8920-o1\" \/><input type=\"hidden\" name=\"_wpcf7_container_post\" value=\"0\" \/><input type=\"hidden\" name=\"_wpcf7_posted_data_hash\" value=\"\" \/>\n<\/fieldset>\n<p><label> Your name (required)<br \/>\n<span class=\"wpcf7-form-control-wrap\" data-name=\"your-name\"><input size=\"40\" maxlength=\"400\" class=\"wpcf7-form-control wpcf7-text wpcf7-validates-as-required\" aria-required=\"true\" aria-invalid=\"false\" value=\"\" type=\"text\" name=\"your-name\" \/><\/span> <\/label>\n<\/p>\n<p><label> Your email (required)<br \/>\n<span class=\"wpcf7-form-control-wrap\" data-name=\"your-email\"><input size=\"40\" maxlength=\"400\" class=\"wpcf7-form-control wpcf7-email wpcf7-validates-as-required wpcf7-text wpcf7-validates-as-email\" aria-required=\"true\" aria-invalid=\"false\" value=\"\" type=\"email\" name=\"your-email\" \/><\/span> <\/label>\n<\/p>\n<p><label> Phone number (We may send you the EBOOK by Whatsapp)<br \/>\n<span class=\"wpcf7-form-control-wrap\" data-name=\"your-subject\"><input size=\"40\" maxlength=\"400\" class=\"wpcf7-form-control wpcf7-text\" aria-invalid=\"false\" value=\"\" type=\"text\" name=\"your-subject\" \/><\/span> <\/label>\n<\/p>\n<p><input class=\"wpcf7-form-control wpcf7-submit has-spinner\" type=\"submit\" value=\"I WANT IT!\" \/>\n<\/p><div class=\"wpcf7-response-output\" aria-hidden=\"true\"><\/div>\n<input type=\"hidden\" name=\"trp-form-language\" value=\"en\"\/><\/form>\n<\/div>\n<br \/>\n&#8220;Recostarse en el gras bajo un \u00e1rbol en un d\u00eda de verano, escuchar el murmuro del agua y mirar las nubes flotando en el cielo, nunca ser\u00e1n una p\u00e9rdida de tiempo&#8221;<br \/>\nJohn Lubbock<br \/>\nBritish naturalist<br \/>\n<a href=\"https:\/\/web.facebook.com\/villaorganika.pe\/?_rdc=1&amp;_rdr\" target=\"_blank\" rel=\"noopener noreferrer\"><br \/>\nFacebook-f<br \/>\n<\/a><br \/>\n<a href=\"http:\/\/info@villaorganika.com\" target=\"_blank\" rel=\"noopener noreferrer\"><br \/>\nEnvelope<br \/>\n<\/a><\/p>","protected":false},"excerpt":{"rendered":"<p>\u00bfA\u00daN NO EST\u00c1S SEGURO SI VIVIR EN EL CAMPO ES PARA T\u00cd? Conoce el proyecto El Ebook que te brindar\u00e1 los conocimientos necesarios para decidir cu\u00e1l ser\u00e1 tu pr\u00f3ximo hogar Ent\u00e9rate de todo lo que debes saber antes de mudarte al campo \u00a1Locaciones, clima, costos y m\u00e1s! Deja tus datos y obt\u00e9n el Ebook totalmente [&hellip;]<\/p>\n","protected":false},"author":7,"featured_media":0,"parent":0,"menu_order":0,"comment_status":"closed","ping_status":"closed","template":"","meta":{"footnotes":""},"class_list":["post-9380","page","type-page","status-publish","hentry"],"_links":{"self":[{"href":"https:\/\/villaorganika.pe\/en\/wp-json\/wp\/v2\/pages\/9380","targetHints":{"allow":["GET"]}}],"collection":[{"href":"https:\/\/villaorganika.pe\/en\/wp-json\/wp\/v2\/pages"}],"about":[{"href":"https:\/\/villaorganika.pe\/en\/wp-json\/wp\/v2\/types\/page"}],"author":[{"embeddable":true,"href":"https:\/\/villaorganika.pe\/en\/wp-json\/wp\/v2\/users\/7"}],"replies":[{"embeddable":true,"href":"https:\/\/villaorganika.pe\/en\/wp-json\/wp\/v2\/comments?post=9380"}],"version-history":[{"count":10,"href":"https:\/\/villaorganika.pe\/en\/wp-json\/wp\/v2\/pages\/9380\/revisions"}],"predecessor-version":[{"id":9549,"href":"https:\/\/villaorganika.pe\/en\/wp-json\/wp\/v2\/pages\/9380\/revisions\/9549"}],"wp:attachment":[{"href":"https:\/\/villaorganika.pe\/en\/wp-json\/wp\/v2\/media?parent=9380"}],"curies":[{"name":"wp","href":"https:\/\/api.w.org\/{rel}","templated":true}]}}