{"id":7948,"date":"2020-07-23T02:37:43","date_gmt":"2020-07-23T02:37:43","guid":{"rendered":"http:\/\/villaorganika.pe\/?page_id=7948"},"modified":"2023-05-01T19:38:45","modified_gmt":"2023-05-01T19:38:45","slug":"proyectos","status":"publish","type":"page","link":"https:\/\/villaorganika.pe\/en\/proyectos\/","title":{"rendered":"PROJECT"},"content":{"rendered":"<div data-elementor-type=\"wp-page\" data-elementor-id=\"7948\" class=\"elementor elementor-7948\" data-elementor-post-type=\"page\">\n\t\t\t\t\t\t<section class=\"elementor-section elementor-top-section elementor-element elementor-element-6fd013a4 elementor-section-boxed elementor-section-height-default elementor-section-height-default\" data-id=\"6fd013a4\" data-element_type=\"section\" data-e-type=\"section\">\n\t\t\t\t\t\t<div class=\"elementor-container elementor-column-gap-default\">\n\t\t\t\t\t<div class=\"elementor-column elementor-col-100 elementor-top-column elementor-element elementor-element-72543ff\" data-id=\"72543ff\" data-element_type=\"column\" data-e-type=\"column\">\n\t\t\t<div class=\"elementor-widget-wrap elementor-element-populated\">\n\t\t\t\t\t\t<div class=\"elementor-element elementor-element-4732e4d2 elementor-widget elementor-widget-text-editor\" data-id=\"4732e4d2\" data-element_type=\"widget\" data-e-type=\"widget\" data-widget_type=\"text-editor.default\">\n\t\t\t\t<div class=\"elementor-widget-container\">\n\t\t\t\t\t\t\t\t\t<p><\/p>\n<figure class=\"wp-block-image size-large\"><img fetchpriority=\"high\" decoding=\"async\" width=\"1024\" height=\"576\" class=\"wp-image-9793\" src=\"http:\/\/villaorganika.pe\/wp-content\/uploads\/2023\/04\/LOTES-ACUALIZADO-1024x576.jpg\" alt=\"\" srcset=\"https:\/\/villaorganika.pe\/wp-content\/uploads\/2023\/04\/LOTES-ACUALIZADO-1024x576.jpg 1024w, https:\/\/villaorganika.pe\/wp-content\/uploads\/2023\/04\/LOTES-ACUALIZADO-300x169.jpg 300w, https:\/\/villaorganika.pe\/wp-content\/uploads\/2023\/04\/LOTES-ACUALIZADO-768x432.jpg 768w, https:\/\/villaorganika.pe\/wp-content\/uploads\/2023\/04\/LOTES-ACUALIZADO-1536x864.jpg 1536w, https:\/\/villaorganika.pe\/wp-content\/uploads\/2023\/04\/LOTES-ACUALIZADO-18x10.jpg 18w, https:\/\/villaorganika.pe\/wp-content\/uploads\/2023\/04\/LOTES-ACUALIZADO-380x214.jpg 380w, https:\/\/villaorganika.pe\/wp-content\/uploads\/2023\/04\/LOTES-ACUALIZADO.jpg 1920w\" sizes=\"(max-width: 1024px) 100vw, 1024px\" \/><\/figure>\n<p><\/p>\n<h2 style=\"text-align: center;\"><strong><span style=\"color: #ff0000;\"><span style=\"color: #0000ff;\">Descargue el brochure\u00a0del condominio <\/span><a style=\"color: #ff0000;\" href=\"http:\/\/villaorganika.pe\/wp-content\/uploads\/2023\/04\/BROCHURE-VILLA-ORGANIKA.pdf\" target=\"_blank\" rel=\"noopener\"><u>CLIC\u00a0AQU\u00cd<\/u><\/a><\/span><\/strong><\/h2>\n<p>\u00a0<\/p>\n<h1 style=\"text-align: center;\"><em>\u00a1Welcome to Villa Org\u00e1nika!<\/em><strong><em> a Villa Org\u00e1nika!<\/em><\/strong><\/h1>\n<h4>Nuestro equipo de arquitectos, agr\u00f3nomos y t\u00e9cnicos est\u00e1n desarrollando un proyecto de condominio privado de casas de campo y\/o casas huerta, donde cada propietario podr\u00e1 incorporar una huerta org\u00e1nica. Los lotes ser\u00e1n\u00a0 desde 500, 1000, 1300, 1500, 1800, 2400 metros cuadrados cada uno en promedio. El referido proyecto est\u00e1 localizado en el sector &#8220;San Daniel&#8221;\u00a0 a 35 minutos del centro de Oxapampa, departamento de Pasco.<\/h4>\n<h4><img decoding=\"async\" class=\"size-full wp-image-9596 aligncenter\" src=\"http:\/\/villaorganika.pe\/wp-content\/uploads\/2021\/07\/IMG_1520-1-1.jpg\" alt=\"\" width=\"1000\" height=\"667\" srcset=\"https:\/\/villaorganika.pe\/wp-content\/uploads\/2021\/07\/IMG_1520-1-1.jpg 1000w, https:\/\/villaorganika.pe\/wp-content\/uploads\/2021\/07\/IMG_1520-1-1-300x200.jpg 300w, https:\/\/villaorganika.pe\/wp-content\/uploads\/2021\/07\/IMG_1520-1-1-768x512.jpg 768w, https:\/\/villaorganika.pe\/wp-content\/uploads\/2021\/07\/IMG_1520-1-1-16x12.jpg 16w, https:\/\/villaorganika.pe\/wp-content\/uploads\/2021\/07\/IMG_1520-1-1-380x253.jpg 380w\" sizes=\"(max-width: 1000px) 100vw, 1000px\" \/><\/h4>\n<h2 style=\"text-align: center;\"><strong><span style=\"color: #ff0000;\"><span style=\"color: #0000ff;\">Descargue el brochure\u00a0del condominio<\/span><\/span><span style=\"color: #ff0000;\"> <a style=\"color: #ff0000;\" href=\"http:\/\/villaorganika.pe\/wp-content\/uploads\/2023\/04\/BROCHURE-VILLA-ORGANIKA.pdf\" target=\"_blank\" rel=\"noopener\"><u>CLIC AQU\u00cd<\/u><\/a><\/span><\/strong><\/h2>\n<h4>El mismo contar\u00e1 con diversas \u00e1reas comunes, tales como canchas deportivas (football, basket, v\u00f3ley, front\u00f3n), comedor comunitario, salida al r\u00edo (playa), piscinas para ni\u00f1os y adultos, salones de Yoga\/Taichi\/Shiatzu\/meditaci\u00f3n, zona de parrillas,\u00a0 talleres de permacultura y agricultura biodin\u00e1mica, as\u00ed como circuitos de bicicletas, chachi karts, entre muchos otros atractivos.<\/h4>\n<figure id=\"attachment_9587\" aria-describedby=\"caption-attachment-9587\" style=\"width: 1000px\" class=\"wp-caption aligncenter\"><img decoding=\"async\" class=\"size-full wp-image-9587\" src=\"http:\/\/villaorganika.pe\/wp-content\/uploads\/2021\/07\/5e345109-5453-4cf5-a893-517bd6775be7-1-1.jpg\" alt=\"\" width=\"1000\" height=\"1000\" srcset=\"https:\/\/villaorganika.pe\/wp-content\/uploads\/2021\/07\/5e345109-5453-4cf5-a893-517bd6775be7-1-1.jpg 1000w, https:\/\/villaorganika.pe\/wp-content\/uploads\/2021\/07\/5e345109-5453-4cf5-a893-517bd6775be7-1-1-300x300.jpg 300w, https:\/\/villaorganika.pe\/wp-content\/uploads\/2021\/07\/5e345109-5453-4cf5-a893-517bd6775be7-1-1-150x150.jpg 150w, https:\/\/villaorganika.pe\/wp-content\/uploads\/2021\/07\/5e345109-5453-4cf5-a893-517bd6775be7-1-1-768x768.jpg 768w, https:\/\/villaorganika.pe\/wp-content\/uploads\/2021\/07\/5e345109-5453-4cf5-a893-517bd6775be7-1-1-12x12.jpg 12w, https:\/\/villaorganika.pe\/wp-content\/uploads\/2021\/07\/5e345109-5453-4cf5-a893-517bd6775be7-1-1-360x360.jpg 360w\" sizes=\"(max-width: 1000px) 100vw, 1000px\" \/><figcaption id=\"caption-attachment-9587\" class=\"wp-caption-text\">Piscina para ni\u00f1os y adultos<\/figcaption><\/figure>\n<h4>In order to achieve a positive impact on the environment, it is planned to use each resource that nature gives us in order to be able to supply ourselves with the necessary ingredients for life.<\/h4>\n<h4><img loading=\"lazy\" decoding=\"async\" class=\"size-full wp-image-9608 aligncenter\" src=\"http:\/\/villaorganika.pe\/wp-content\/uploads\/2021\/07\/1_7_2021-17_35_24.jpeg\" alt=\"\" width=\"1500\" height=\"1000\" srcset=\"https:\/\/villaorganika.pe\/wp-content\/uploads\/2021\/07\/1_7_2021-17_35_24.jpeg 1500w, https:\/\/villaorganika.pe\/wp-content\/uploads\/2021\/07\/1_7_2021-17_35_24-300x200.jpeg 300w, https:\/\/villaorganika.pe\/wp-content\/uploads\/2021\/07\/1_7_2021-17_35_24-1024x683.jpeg 1024w, https:\/\/villaorganika.pe\/wp-content\/uploads\/2021\/07\/1_7_2021-17_35_24-768x512.jpeg 768w, https:\/\/villaorganika.pe\/wp-content\/uploads\/2021\/07\/1_7_2021-17_35_24-16x12.jpeg 16w, https:\/\/villaorganika.pe\/wp-content\/uploads\/2021\/07\/1_7_2021-17_35_24-380x253.jpeg 380w\" sizes=\"(max-width: 1500px) 100vw, 1500px\" \/><\/h4>\n<h4>La energ\u00eda de la vivienda ser\u00e1 prove\u00edda con paneles solares. Respecto al desag\u00fce, se emplear\u00e1 biodigestores y ba\u00f1os secos, el agua proviene de manantial, promoveremos el uso de cocinas a le\u00f1a y solar.<\/h4>\n<h4>The mention above will make us completely resilient in front of any power cuts generated by big corporations that operate in the city. This last aspect answers the question:<\/h4>\n<h1 style=\"text-align: center;\"><strong>How do we end up paying for everything in this world that gives us everything for free?<\/strong><\/h1>\n<p><strong>Los precios son de\u00a0 US$ 75.00 por m2, para mayor informaci\u00f3n recomendamos contactarnos.<\/strong><\/p>\n<h2 style=\"text-align: center;\"><strong><span style=\"color: #ff0000;\"><span style=\"color: #0000ff;\">Descargue el brochure\u00a0del condominio<\/span><\/span><span style=\"color: #ff0000;\"> <a style=\"color: #ff0000;\" href=\"http:\/\/villaorganika.pe\/wp-content\/uploads\/2023\/04\/BROCHURE-VILLA-ORGANIKA.pdf\" target=\"_blank\" rel=\"noopener\"><u>CLIC AQU\u00cd<\/u><\/a><\/span><\/strong><\/h2>\n<p><img loading=\"lazy\" decoding=\"async\" class=\"size-full wp-image-9542 aligncenter\" src=\"http:\/\/villaorganika.pe\/wp-content\/uploads\/2021\/05\/hombre-mujer-sembrando-1.jpeg\" alt=\"\" width=\"586\" height=\"381\" srcset=\"https:\/\/villaorganika.pe\/wp-content\/uploads\/2021\/05\/hombre-mujer-sembrando-1.jpeg 586w, https:\/\/villaorganika.pe\/wp-content\/uploads\/2021\/05\/hombre-mujer-sembrando-1-300x195.jpeg 300w, https:\/\/villaorganika.pe\/wp-content\/uploads\/2021\/05\/hombre-mujer-sembrando-1-16x10.jpeg 16w, https:\/\/villaorganika.pe\/wp-content\/uploads\/2021\/05\/hombre-mujer-sembrando-1-380x247.jpeg 380w\" sizes=\"(max-width: 586px) 100vw, 586px\" \/><\/p>\n<p>\u00a0<\/p>\n<h2 style=\"text-align: center;\"><strong><span style=\"color: #ff0000;\"><span style=\"color: #0000ff;\">Descargue el brochure\u00a0del condominio<\/span><\/span><span style=\"color: #ff0000;\"> <a style=\"color: #ff0000;\" href=\"http:\/\/villaorganika.pe\/wp-content\/uploads\/2023\/04\/BROCHURE-VILLA-ORGANIKA.pdf\" target=\"_blank\" rel=\"noopener\"><u>CLIC AQU\u00cd<\/u><\/a><\/span><\/strong><\/h2>\t\t\t\t\t\t\t\t<\/div>\n\t\t\t\t<\/div>\n\t\t\t\t\t<\/div>\n\t\t<\/div>\n\t\t\t\t\t<\/div>\n\t\t<\/section>\n\t\t\t\t<\/div>","protected":false},"excerpt":{"rendered":"<p>\u00a0 Descargue el brochure\u00a0del condominio CLIC\u00a0AQU\u00cd\u00a0 Lista de precios CLIC\u00a0AQU\u00cd\u00a0 &nbsp; \u00a1Bienvenidos a Villa Org\u00e1nika! Nuestro equipo de arquitectos, agr\u00f3nomos y t\u00e9cnicos est\u00e1n desarrollando un proyecto de condominio privado de casas de campo y\/o casas huerta, donde cada propietario podr\u00e1 incorporar una huerta org\u00e1nica. Los lotes ser\u00e1n\u00a0 desde 500, 1000, 1300, 1500, 1800, 2400 metros [&hellip;]<\/p>\n","protected":false},"author":1,"featured_media":0,"parent":0,"menu_order":0,"comment_status":"closed","ping_status":"closed","template":"","meta":{"footnotes":""},"class_list":["post-7948","page","type-page","status-publish","hentry"],"_links":{"self":[{"href":"https:\/\/villaorganika.pe\/en\/wp-json\/wp\/v2\/pages\/7948","targetHints":{"allow":["GET"]}}],"collection":[{"href":"https:\/\/villaorganika.pe\/en\/wp-json\/wp\/v2\/pages"}],"about":[{"href":"https:\/\/villaorganika.pe\/en\/wp-json\/wp\/v2\/types\/page"}],"author":[{"embeddable":true,"href":"https:\/\/villaorganika.pe\/en\/wp-json\/wp\/v2\/users\/1"}],"replies":[{"embeddable":true,"href":"https:\/\/villaorganika.pe\/en\/wp-json\/wp\/v2\/comments?post=7948"}],"version-history":[{"count":87,"href":"https:\/\/villaorganika.pe\/en\/wp-json\/wp\/v2\/pages\/7948\/revisions"}],"predecessor-version":[{"id":9825,"href":"https:\/\/villaorganika.pe\/en\/wp-json\/wp\/v2\/pages\/7948\/revisions\/9825"}],"wp:attachment":[{"href":"https:\/\/villaorganika.pe\/en\/wp-json\/wp\/v2\/media?parent=7948"}],"curies":[{"name":"wp","href":"https:\/\/api.w.org\/{rel}","templated":true}]}}