{"id":13032,"date":"2023-07-20T21:37:37","date_gmt":"2023-07-20T21:37:37","guid":{"rendered":"https:\/\/villaorganika.pe\/?page_id=13032"},"modified":"2023-07-20T21:55:54","modified_gmt":"2023-07-20T21:55:54","slug":"pagina-de-gracias","status":"publish","type":"page","link":"https:\/\/villaorganika.pe\/en\/pagina-de-gracias\/","title":{"rendered":"Pagina de Gracias"},"content":{"rendered":"<div data-elementor-type=\"wp-page\" data-elementor-id=\"13032\" class=\"elementor elementor-13032\" data-elementor-post-type=\"page\">\n\t\t\t\t\t\t<section class=\"elementor-section elementor-top-section elementor-element elementor-element-444e09d9 elementor-section-boxed elementor-section-height-default elementor-section-height-default\" data-id=\"444e09d9\" data-element_type=\"section\" data-e-type=\"section\" data-settings=\"{&quot;background_background&quot;:&quot;classic&quot;}\">\n\t\t\t\t\t\t<div class=\"elementor-container elementor-column-gap-default\">\n\t\t\t\t\t<div class=\"elementor-column elementor-col-50 elementor-top-column elementor-element elementor-element-5bb81c91\" data-id=\"5bb81c91\" data-element_type=\"column\" data-e-type=\"column\">\n\t\t\t<div class=\"elementor-widget-wrap elementor-element-populated\">\n\t\t\t\t\t\t<div class=\"elementor-element elementor-element-66e0bf52 elementor-widget elementor-widget-image\" data-id=\"66e0bf52\" data-element_type=\"widget\" data-e-type=\"widget\" data-widget_type=\"image.default\">\n\t\t\t\t<div class=\"elementor-widget-container\">\n\t\t\t\t\t\t\t\t\t\t\t\t\t\t\t\t<a href=\"http:\/\/haciendaviva.com.pe\/landing-suiza\">\n\t\t\t\t\t\t\t<img decoding=\"async\" src=\"https:\/\/villaorganika.pe\/wp-content\/uploads\/2020\/10\/cropped-Logo-VillaOrganika-1.png\" title=\"cropped-Logo-VillaOrganika-1.png\" alt=\"cropped-Logo-VillaOrganika-1.png\" loading=\"lazy\" \/>\t\t\t\t\t\t\t\t<\/a>\n\t\t\t\t\t\t\t\t\t\t\t\t\t\t\t<\/div>\n\t\t\t\t<\/div>\n\t\t\t\t\t<\/div>\n\t\t<\/div>\n\t\t\t\t<div class=\"elementor-column elementor-col-50 elementor-top-column elementor-element elementor-element-6faf8d4e\" data-id=\"6faf8d4e\" data-element_type=\"column\" data-e-type=\"column\">\n\t\t\t<div class=\"elementor-widget-wrap elementor-element-populated\">\n\t\t\t\t\t\t<div class=\"elementor-element elementor-element-26307a52 elementor-widget elementor-widget-heading\" data-id=\"26307a52\" data-element_type=\"widget\" data-e-type=\"widget\" data-widget_type=\"heading.default\">\n\t\t\t\t<div class=\"elementor-widget-container\">\n\t\t\t\t\t<h2 class=\"elementor-heading-title elementor-size-default\"><a href=\"https:\/\/api.whatsapp.com\/send?phone=51962332558&#038;text=Deseo%20Informaci%C3%B3n%20de%20los%20Terrenos%20en%20Suisa%20Village\">\u00bfTienes dudas? WhatsApp al : 962 332 558<\/a><\/h2>\t\t\t\t<\/div>\n\t\t\t\t<\/div>\n\t\t\t\t\t<\/div>\n\t\t<\/div>\n\t\t\t\t\t<\/div>\n\t\t<\/section>\n\t\t\t\t<section class=\"elementor-section elementor-top-section elementor-element elementor-element-76ca765b elementor-section-boxed elementor-section-height-default elementor-section-height-default\" data-id=\"76ca765b\" data-element_type=\"section\" data-e-type=\"section\" data-settings=\"{&quot;background_background&quot;:&quot;classic&quot;}\">\n\t\t\t\t\t\t<div class=\"elementor-container elementor-column-gap-default\">\n\t\t\t\t\t<div class=\"elementor-column elementor-col-50 elementor-top-column elementor-element elementor-element-7761d4d2\" data-id=\"7761d4d2\" data-element_type=\"column\" data-e-type=\"column\">\n\t\t\t<div class=\"elementor-widget-wrap elementor-element-populated\">\n\t\t\t\t\t\t<div class=\"elementor-element elementor-element-1ad03412 elementor-widget elementor-widget-heading\" data-id=\"1ad03412\" data-element_type=\"widget\" data-e-type=\"widget\" data-widget_type=\"heading.default\">\n\t\t\t\t<div class=\"elementor-widget-container\">\n\t\t\t\t\t<h2 class=\"elementor-heading-title elementor-size-default\">Registro Completado<\/h2>\t\t\t\t<\/div>\n\t\t\t\t<\/div>\n\t\t\t\t<div class=\"elementor-element elementor-element-db4bcef elementor-widget elementor-widget-text-editor\" data-id=\"db4bcef\" data-element_type=\"widget\" data-e-type=\"widget\" data-widget_type=\"text-editor.default\">\n\t\t\t\t<div class=\"elementor-widget-container\">\n\t\t\t\t\t\t\t\t\t<div><strong>En breve un asesor se comunicar\u00e1 contigo para brindarte toda la informaci\u00f3n de este proyecto<\/strong><\/div><div><p>Este concepto \u00fanico crea una experiencia inigualable para los residentes y visitantes, ofreciendo una combinaci\u00f3n de comodidad y aventura en un entorno tropical impresionante.<\/p><\/div><div>Al solicitar mayor informaci\u00f3n uno de nuestros asesores se pondr\u00e1 en contacto contigo para brindarte mayores detalles y agendar una visita guiada al proyecto. Para que puedas conocerlo en persona.<\/div>\t\t\t\t\t\t\t\t<\/div>\n\t\t\t\t<\/div>\n\t\t\t\t<div class=\"elementor-element elementor-element-2d5ecfa8 elementor-widget elementor-widget-button\" data-id=\"2d5ecfa8\" data-element_type=\"widget\" data-e-type=\"widget\" data-widget_type=\"button.default\">\n\t\t\t\t<div class=\"elementor-widget-container\">\n\t\t\t\t\t\t\t\t\t<div class=\"elementor-button-wrapper\">\n\t\t\t\t\t<a class=\"elementor-button elementor-size-lg\" role=\"button\">\n\t\t\t\t\t\t<span class=\"elementor-button-content-wrapper\">\n\t\t\t\t\t\t\t\t\t<span class=\"elementor-button-text\">Contactar Ahora por Whatsapp<\/span>\n\t\t\t\t\t<\/span>\n\t\t\t\t\t<\/a>\n\t\t\t\t<\/div>\n\t\t\t\t\t\t\t\t<\/div>\n\t\t\t\t<\/div>\n\t\t\t\t\t<\/div>\n\t\t<\/div>\n\t\t\t\t<div class=\"elementor-column elementor-col-50 elementor-top-column elementor-element elementor-element-2226ffac\" data-id=\"2226ffac\" data-element_type=\"column\" data-e-type=\"column\">\n\t\t\t<div class=\"elementor-widget-wrap elementor-element-populated\">\n\t\t\t\t\t\t<div class=\"elementor-element elementor-element-40e2242c elementor-widget elementor-widget-video\" data-id=\"40e2242c\" data-element_type=\"widget\" data-e-type=\"widget\" data-settings=\"{&quot;image_overlay&quot;:{&quot;url&quot;:&quot;&quot;,&quot;id&quot;:&quot;&quot;,&quot;size&quot;:&quot;&quot;},&quot;video_type&quot;:&quot;hosted&quot;,&quot;show_image_overlay&quot;:&quot;yes&quot;,&quot;controls&quot;:&quot;yes&quot;}\" data-widget_type=\"video.default\">\n\t\t\t\t<div class=\"elementor-widget-container\">\n\t\t\t\t\t\t\t<div class=\"e-hosted-video elementor-wrapper elementor-open-inline\">\n\t\t\t\t\t<video class=\"elementor-video\" src=\"http:\/\/villaorganika.pe\/wp-content\/uploads\/2023\/07\/Suiza-Village-Hacienda-Viva.mp4\" controls=\"\" preload=\"metadata\" controlslist=\"nodownload\"><\/video>\n\t\t\t\t<\/div>\n\t\t\t\t\t\t<\/div>\n\t\t\t\t<\/div>\n\t\t\t\t\t<\/div>\n\t\t<\/div>\n\t\t\t\t\t<\/div>\n\t\t<\/section>\n\t\t\t\t<section class=\"elementor-section elementor-top-section elementor-element elementor-element-39ca0f0a elementor-section-boxed elementor-section-height-default elementor-section-height-default\" data-id=\"39ca0f0a\" data-element_type=\"section\" data-e-type=\"section\" data-settings=\"{&quot;background_background&quot;:&quot;classic&quot;}\">\n\t\t\t\t\t\t<div class=\"elementor-container elementor-column-gap-default\">\n\t\t\t\t\t<div class=\"elementor-column elementor-col-100 elementor-top-column elementor-element elementor-element-2e3ccbee\" data-id=\"2e3ccbee\" data-element_type=\"column\" data-e-type=\"column\">\n\t\t\t<div class=\"elementor-widget-wrap elementor-element-populated\">\n\t\t\t\t\t\t<div class=\"elementor-element elementor-element-70828114 elementor-widget elementor-widget-text-editor\" data-id=\"70828114\" data-element_type=\"widget\" data-e-type=\"widget\" data-widget_type=\"text-editor.default\">\n\t\t\t\t<div class=\"elementor-widget-container\">\n\t\t\t\t\t\t\t\t\t<p>haviendaviva.com.pe &#8211; Todos los Derechos Reservados<\/p>\t\t\t\t\t\t\t\t<\/div>\n\t\t\t\t<\/div>\n\t\t\t\t\t<\/div>\n\t\t<\/div>\n\t\t\t\t\t<\/div>\n\t\t<\/section>\n\t\t\t\t<\/div>","protected":false},"excerpt":{"rendered":"<p>\u00bfTienes dudas? WhatsApp al : 962 332 558 Registro Completado En breve un asesor se comunicar\u00e1 contigo para brindarte toda la informaci\u00f3n de este proyecto Este concepto \u00fanico crea una experiencia inigualable para los residentes y visitantes, ofreciendo una combinaci\u00f3n de comodidad y aventura en un entorno tropical impresionante. Al solicitar mayor informaci\u00f3n uno de [&hellip;]<\/p>\n","protected":false},"author":7,"featured_media":0,"parent":0,"menu_order":0,"comment_status":"closed","ping_status":"closed","template":"elementor_canvas","meta":{"footnotes":""},"class_list":["post-13032","page","type-page","status-publish","hentry"],"_links":{"self":[{"href":"https:\/\/villaorganika.pe\/en\/wp-json\/wp\/v2\/pages\/13032","targetHints":{"allow":["GET"]}}],"collection":[{"href":"https:\/\/villaorganika.pe\/en\/wp-json\/wp\/v2\/pages"}],"about":[{"href":"https:\/\/villaorganika.pe\/en\/wp-json\/wp\/v2\/types\/page"}],"author":[{"embeddable":true,"href":"https:\/\/villaorganika.pe\/en\/wp-json\/wp\/v2\/users\/7"}],"replies":[{"embeddable":true,"href":"https:\/\/villaorganika.pe\/en\/wp-json\/wp\/v2\/comments?post=13032"}],"version-history":[{"count":5,"href":"https:\/\/villaorganika.pe\/en\/wp-json\/wp\/v2\/pages\/13032\/revisions"}],"predecessor-version":[{"id":13037,"href":"https:\/\/villaorganika.pe\/en\/wp-json\/wp\/v2\/pages\/13032\/revisions\/13037"}],"wp:attachment":[{"href":"https:\/\/villaorganika.pe\/en\/wp-json\/wp\/v2\/media?parent=13032"}],"curies":[{"name":"wp","href":"https:\/\/api.w.org\/{rel}","templated":true}]}}